{"id":1258,"date":"2024-06-11T11:44:26","date_gmt":"2024-06-11T09:44:26","guid":{"rendered":"https:\/\/vladotudja.com\/?page_id=1258"},"modified":"2024-12-19T08:53:17","modified_gmt":"2024-12-19T07:53:17","slug":"biography","status":"publish","type":"page","link":"https:\/\/vladotudja.com\/en\/biography\/","title":{"rendered":"Biography"},"content":{"rendered":"[vc_row type=&#8221;in_container&#8221; full_screen_row_position=&#8221;middle&#8221; column_margin=&#8221;default&#8221; column_direction=&#8221;default&#8221; column_direction_tablet=&#8221;default&#8221; column_direction_phone=&#8221;default&#8221; scene_position=&#8221;center&#8221; text_color=&#8221;dark&#8221; text_align=&#8221;left&#8221; row_border_radius=&#8221;none&#8221; row_border_radius_applies=&#8221;bg&#8221; overflow=&#8221;visible&#8221; overlay_strength=&#8221;0.3&#8243; gradient_direction=&#8221;left_to_right&#8221; shape_divider_position=&#8221;bottom&#8221; bg_image_animation=&#8221;none&#8221; gradient_type=&#8221;default&#8221; shape_type=&#8221;&#8221;][vc_column column_padding=&#8221;no-extra-padding&#8221; column_padding_tablet=&#8221;inherit&#8221; column_padding_phone=&#8221;inherit&#8221; column_padding_position=&#8221;all&#8221; column_element_direction_desktop=&#8221;default&#8221; column_element_spacing=&#8221;default&#8221; desktop_text_alignment=&#8221;default&#8221; tablet_text_alignment=&#8221;default&#8221; phone_text_alignment=&#8221;default&#8221; background_color_opacity=&#8221;1&#8243; background_hover_color_opacity=&#8221;1&#8243; column_backdrop_filter=&#8221;none&#8221; column_shadow=&#8221;none&#8221; column_border_radius=&#8221;none&#8221; column_link_target=&#8221;_self&#8221; column_position=&#8221;default&#8221; gradient_direction=&#8221;left_to_right&#8221; overlay_strength=&#8221;0.3&#8243; width=&#8221;1\/1&#8243; tablet_width_inherit=&#8221;default&#8221; animation_type=&#8221;default&#8221; bg_image_animation=&#8221;none&#8221; border_type=&#8221;simple&#8221; column_border_width=&#8221;none&#8221; column_border_style=&#8221;solid&#8221;][vc_row_inner column_margin=&#8221;default&#8221; column_direction=&#8221;default&#8221; column_direction_tablet=&#8221;default&#8221; column_direction_phone=&#8221;default&#8221; text_align=&#8221;left&#8221; row_position=&#8221;default&#8221; row_position_tablet=&#8221;inherit&#8221; row_position_phone=&#8221;inherit&#8221; overflow=&#8221;visible&#8221; pointer_events=&#8221;all&#8221;][vc_column_inner column_padding=&#8221;no-extra-padding&#8221; column_padding_tablet=&#8221;inherit&#8221; column_padding_phone=&#8221;inherit&#8221; column_padding_position=&#8221;all&#8221; column_element_direction_desktop=&#8221;default&#8221; column_element_spacing=&#8221;default&#8221; desktop_text_alignment=&#8221;default&#8221; tablet_text_alignment=&#8221;default&#8221; phone_text_alignment=&#8221;default&#8221; background_color_opacity=&#8221;1&#8243; background_hover_color_opacity=&#8221;1&#8243; column_backdrop_filter=&#8221;none&#8221; column_shadow=&#8221;none&#8221; column_border_radius=&#8221;none&#8221; column_link_target=&#8221;_self&#8221; overflow=&#8221;visible&#8221; gradient_direction=&#8221;left_to_right&#8221; overlay_strength=&#8221;0.3&#8243; width=&#8221;1\/1&#8243; tablet_width_inherit=&#8221;default&#8221; animation_type=&#8221;default&#8221; bg_image_animation=&#8221;none&#8221; border_type=&#8221;simple&#8221; column_border_width=&#8221;none&#8221; column_border_style=&#8221;solid&#8221;][vc_custom_heading text=&#8221;biography&#8221; font_container=&#8221;tag:h2|text_align:left|color:%238e8e8e&#8221; use_theme_fonts=&#8221;yes&#8221; css=&#8221;&#8221;][\/vc_column_inner][\/vc_row_inner][vc_row_inner column_margin=&#8221;default&#8221; column_direction=&#8221;default&#8221; column_direction_tablet=&#8221;column_reverse&#8221; column_direction_phone=&#8221;column_reverse&#8221; translate_y=&#8221;-30&#8243; text_align=&#8221;left&#8221; row_position=&#8221;default&#8221; row_position_tablet=&#8221;inherit&#8221; row_position_phone=&#8221;inherit&#8221; overflow=&#8221;visible&#8221; pointer_events=&#8221;all&#8221;][vc_column_inner column_padding=&#8221;no-extra-padding&#8221; column_padding_tablet=&#8221;inherit&#8221; column_padding_phone=&#8221;inherit&#8221; column_padding_position=&#8221;all&#8221; translate_x=&#8221;40px&#8221; translate_x_phone=&#8221;0&#8243; column_element_direction_desktop=&#8221;default&#8221; column_element_spacing=&#8221;default&#8221; desktop_text_alignment=&#8221;default&#8221; tablet_text_alignment=&#8221;default&#8221; phone_text_alignment=&#8221;default&#8221; background_color_opacity=&#8221;1&#8243; background_hover_color_opacity=&#8221;1&#8243; column_backdrop_filter=&#8221;none&#8221; column_shadow=&#8221;none&#8221; column_border_radius=&#8221;none&#8221; column_link_target=&#8221;_self&#8221; overflow=&#8221;visible&#8221; gradient_direction=&#8221;left_to_right&#8221; overlay_strength=&#8221;0.3&#8243; width=&#8221;7\/12&#8243; tablet_width_inherit=&#8221;default&#8221; animation_type=&#8221;default&#8221; bg_image_animation=&#8221;none&#8221; border_type=&#8221;simple&#8221; column_border_width=&#8221;none&#8221; column_border_style=&#8221;solid&#8221; column_padding_type=&#8221;default&#8221; gradient_type=&#8221;default&#8221;][vc_column_text css=&#8221;&#8221; text_direction=&#8221;default&#8221;]Vlado Tu\u0111a ro\u0111en je 6.3.1951. godine u Zagrebu. Godine 1970. odlazi u Nizozemsku u Rotterdam gdje studira slikarstvo na Academie Van Beeldende Kunsten Rotterdam. U rotterdamskoj luci (u sredi\u0161tu grada), Parkhaven 21, \u017eivi i radi na brodu. Atelijer mu je u kapetanskoj kabini na vrhu broda odakle se pru\u017ea pogled na cijeli grad, kanale i Sjeverno more. Izlagao je na 45 samostalnih izlo\u017ebi i vi\u0161e od tridesetak skupnih izlo\u017ebi u Nizozemskoj, Njema\u010dkoj, Belgiji, Danskoj, Rusiji, \u010ce\u0161koj i Americi. U Nizozemskoj okuplja svoju likovnu grupu \u010detvorice (\u010detiri nacije) i s njima izla\u017ee. Dobitnik je brojnih nagrada i priznanja izme\u0111u ostalog:<\/p>\n<p>1980. &#8211; 3. Smotra likovnog stvarala\u0161tva, 2. nagrada Grada Zagreba.<br \/>\n1986. &#8211; 1. nagrada za slikarstvo (likovno stvarala\u0161tvo radnika Grada Zagreba), priznanje Ve\u010dernjeg lista.<\/p>\n<p>Dugogodi\u0161nji je davatelj svojih djela u humanitarne svrhe, ilustrator raznih \u010dasopisa i novina. U trenutku povratka u domovinu ne nalazi na otvorenost prema svojoj umjetnosti kakvu je imao u Nizozemskoj te se zbog toga povla\u010di u svoj mir, u atelijer na Velikom vrhu (obronci Medvednice), gdje neumorno stvara, slika i kipari. Ne izla\u017ee vi\u0161e od 25 godina. U tom vremenu stvorio je vi\u0161e od 2000 djela, koja od 2006. godine aktivno predstavlja likovnoj javnosti.<br \/>\nSudionik je likovnih kolonija: \u010capljina, Vugrovec, Neum i Oroslavje<br \/>\nO njegovu grofovskom podrijetlu i ostalim pojedinostima vi\u0161e informacija mo\u017eete prona\u0107i na internetskim stranicama i linkovima &#8211; Grofovski radovi slikara Vlade Tu\u0111e.<\/p>\n<p>&nbsp;<\/p>\n<p>PRESS I STRU\u010cNE KRITIKE<\/p>\n<p>Prof. Mira Rukavina, prof. Antun Crljen, dr. Dubravko Orli\u0107, Bo\u017edar Matkovi\u0107, Branko Nik\u0161i\u0107, Mirko Novak, Villem Hofstra, dr. Ivan \u0160kreblin, Ivan Lackovi\u0107 Croata, Nico Vanderendt, Ivo Strahonja, Simo Milivojevi\u0107, Vuko Draga\u0161evi\u0107, Slavko Orli\u0107, Mirko \u0160imek, Fritz Behrent, Josip Depolo, Tomislav Hru\u0161kovec, Koos Postema, Herman Stock, Leen Post, Hermann Sonne, Ilija Radov\u010di\u0107,Tarik Ajanovi\u0107, Mladen Beloviti\u0107, M. A. Pijneburg, Fred Falkema, Jasna Peterkalini\u0107, G. Vos, Kiki Kikkert, Mirko Rogo\u0161i\u0107, Ante Perkovi\u0107, Josip SKunca,Ted van Melick, Zvonimir Zmaji\u0107, prof. Juraj Baldani, Kamilo Burger, Franjo Mrzlak, Mladen Ve\u017ea, Dolg Welling, Slavko Dabi\u0107, Milena Metz, Boris Adamek, Zika Prodanovi\u0107, Jan Limbourg, Kruno Saboli\u0107, Henk, Honing, C J. van Ginkel, Inga Baas, Bertus Schimdt, prof. dr. Antun Bauer, Elena Cvetkova, Stjepan Ma\u017ear, Olja, Kosanovi\u0107, Marina Bari\u010devi\u0107, Astra Bo\u017eikovi\u0107, Cino Handl, Pero Homovac, Zvonko Bla\u017eevi\u0107, Nankv de Vreeze, Goran Star\u010devi\u0107, Josip Pavi\u010di\u0107, Zoran Zokovi\u0107, Walter de Brujin, Corn Basoski, Ante Ravli\u0107, Darija Marjanovi\u0107, Ana Mireni\u0107, Jadranka Rilovi\u0107, Diego Ponce, Boro Pavlovi\u0107, Jadranka Jure\u0161ko-Kero, Ivana \u017divkovi\u0107-Mikec, Robert Berry, Betsy Davison, El Kazan, Lana Filipin, prof. dr. Andro Mohorov\u010di\u0107, Marijan Kolesar, Mirko Milutinovi\u0107, Slavko Orli\u0107, Marijan Grakali\u0107, Ad Lobler, Zeljko Cerjan,Tonino Picula, Mirko Fodor, Vedrana Kralj, Mirjana Greblo, Zrinka Pillauer Mari\u0107, Zoran Radikovi\u0107, Zrinka Kre\u0161o, Jo\u0161ko Matinovi\u0107, Lidija \u0160piranec, Frane Erceg, Kruno Saboli\u0107, Edo Pero\u010devi\u0107, Boris Pavleni\u0107, Davor Me\u0161trovi\u0107, Lidija Tocilj, Sirmnone Dilaura, Maja U\u0161tar-Njur\u0161, prof. Stanko \u0160poljari\u0107, Bojana Radovi\u0107, Dorotea Jendri\u0107, Mirko Bolfek, prof. Andro Mohorovi\u010di\u0107, Pavao Parat, Snje\u017eana \u0160tefanek, Marija Bori\u0107, Ljiljana Bogojevi\u0107, HanaTabakovi\u0107, Ivica Lovri\u0107, Lana Zagor\u0161\u010dak (Vijuga portal), Lenka Lai\u0107, Daruvar portal (Radio), N. Havranek, Vugrovec portal, Jaska portal, Dalibor Rohlik, Zdenko Vukovi\u0107 Cana, Veronika Pilat (\u010capljina), Ivica Mati\u0107 (Neum), Sanda Stana\u010dev Bajzek, Portal Gricni, Hanibal Salvaro, Labudovi\u0107 Mi\u0161o,Tedi Lu\u0161eti\u0107, Natalija Kladi\u0107-Lumezi, Marina Gavranovi\u0107, Nenad Ma\u0111eri\u0107, Darinko Kosor, Zoran Batu\u0161i\u0107,Tonko Maroevi\u0107, Mira Mareni\u0107-Toljan, Ljiljana Saucha, Paolo Giorgio, Vlatko Mari\u0107, Roberto Ambroz!, Branka Pri\u0161li\u0107, Du\u0161ko \u0160ibi, prof. Stanko \u0160poljari\u0107, Tomislav Kuli\u0161, Emilio Terpin, Robert Daccia, BranimirTurkalj, Damir Murkovi\u0107, Mario Ragu\u017e, Zrinka Kre\u0161o, Vlatka Kolarevi\u0107, Igor Bre\u0161an, Marija Bari\u0107, Damir Bare\u0161i\u0107, Ljilja Kerep\u010di\u0107, Mladen Mili\u010di\u0107, Roberta Terpin, Veljko Skenderija, \u0160tef Kordi\u0107, Lidija Fustin, Ivan Tu\u0111a, Elizabeta \u0160kvorc, Stipe Bu\u010dar, Miroslav Pelikan, Bojana Radovi\u0107, Dragan Ruljan\u0107i\u0107, Damir Bednjanec, Tomislav Petra\u010d, Mario Britvi\u0107, Vlado Klasni\u0107, Marta \u0160imi\u0107 Mrzle\u010dki, Marinko Le\u0161, Zvonko Radikovi\u0107, Mirko Bolfek, Lidija \u0160piranec, Vedrana Kralj, Bla\u017eenka Leib, Dorotea Jendri\u0107, Ana Lendvaj, Antun Bukovec, Jovica Drobnjak, Mladen Mili\u010di\u0107, Ivica Kr\u010deli\u0107, Jelena \u0160krabe, ljiljana Hranilovi\u0107, Maja Iv\u010di\u0107, Mario Ragu\u017e, Zeljko Sene\u010di\u0107, Livija Radeva Destradi, BranimirTurkalj, Doris Pack, Vlatko Mari\u0107, Jovica Drobnjak, Slava Pavi\u0107, Iva Tu\u0111a, Stjepan Ma\u017ear, Marijan Galekovi\u0107, Natalija Kladi\u0107, Lazar Lumezi, Dada Ze\u010di\u0107 Pivac, Marina \u010cubrilo, Petra Piter Kalini\u0107, Blanka Stan\u010di\u0107, Boris Glumac, Lana Rlipan, Maja U\u0161tar Njir\u0161, Simone Dilaura, Mladen Boljat, Luka \u0160pac, Vladimir Malekovi\u0107, Branka Pri\u0161li\u0107, Igor Bre\u0161an, Du\u0161ko Lju\u0161tina, dr.Vjekoslav Jele\u010d.[\/vc_column_text][divider line_type=&#8221;No Line&#8221; custom_height=&#8221;80&#8243;][vc_column_text css=&#8221;&#8221; text_direction=&#8221;default&#8221;]\u201cThe enthusiasm for painting and life characterizes the work of Vlado Tu\u0111a in the pleasant and provocative ambience of the painting, in the transformations of the original motif, with works, and the constant meditative and eruptive, fertile freshness of expression. His artistic curiosity led him to the joys, anxieties, bizarre and idyllic concepts, and above all to the essence of the great and small things in the episodes of human existence. The paintings are also metaphors and reflections of the arena of our everyday life.<\/p>\n<p>In his paintings, Tu\u0111a developed a peculiar view of figuration with an interesting synthesis of realistic precision and expressionist freedom. In the gradual exclusion of the motif\u2019s imposition, Tu\u0111a also adopts a way of abstract expressionism, where the subject becomes an autonomous visual form. From the elements that make Tu\u0111a\u2019s stylistic crossword, an important link is the tendency to deform the shape, that is, to steer away from the usual, which is, according to some, the coordinate of shape that is close to the world of Picasso\u2019s genius. Not as a replica of the work of this great master, but as a dialogue established in the context of the inner encounter, some general places, universal in the perception of beauty as a concept adopted in our time. Tu\u0111a also applies the Cubist principle of ambivalence of representation (a multi-sided depiction of a face, or multiplicity of fragments of the figure), similarity also lies in Picasso\u2019s surrealist treatment of the figure and other fascinating aspects of painting. Tu\u0111a\u2019s artistic sensitivity touches the individual shapes of that impressive work, which led to him being named the Croatian Picasso. But not as an epigon, who would only reinterpret his accomplishments, but as a painter on his own path, searching and also wandering in order to achieve the authenticity of the expression. And, without a doubt, he is in constant awe of Picasso\u2019s artistic strength and inventiveness.<br \/>\nOn the creative path of five decades, Tu\u0111a has sensibly changed his attitude towards shaping the figure and, in a certain way, towards the multi-layered aspect of the content. He has approached the depiction of the everyday life by describing it factually and enriching it with intriguing imagination. With a certain note of the literary, woven into the work with unparalleled background in artwork, Tu\u0111a follows the usual and unusual situations by developing his painting \u201cstories\u201dfrom the emphasized legibility of the motif to the paradoxical threshold.\u201d<br \/>\nStanko \u0160poljari\u0107[\/vc_column_text][\/vc_column_inner][vc_column_inner column_padding=&#8221;no-extra-padding&#8221; column_padding_tablet=&#8221;inherit&#8221; column_padding_phone=&#8221;inherit&#8221; column_padding_position=&#8221;all&#8221; column_element_direction_desktop=&#8221;default&#8221; column_element_spacing=&#8221;default&#8221; desktop_text_alignment=&#8221;default&#8221; tablet_text_alignment=&#8221;default&#8221; phone_text_alignment=&#8221;default&#8221; background_color_opacity=&#8221;1&#8243; background_hover_color_opacity=&#8221;1&#8243; column_backdrop_filter=&#8221;none&#8221; column_shadow=&#8221;none&#8221; column_border_radius=&#8221;none&#8221; column_link_target=&#8221;_self&#8221; overflow=&#8221;visible&#8221; gradient_direction=&#8221;left_to_right&#8221; overlay_strength=&#8221;0.3&#8243; width=&#8221;1\/12&#8243; tablet_width_inherit=&#8221;default&#8221; animation_type=&#8221;default&#8221; bg_image_animation=&#8221;none&#8221; border_type=&#8221;simple&#8221; column_border_width=&#8221;none&#8221; column_border_style=&#8221;solid&#8221;][\/vc_column_inner][vc_column_inner column_padding=&#8221;no-extra-padding&#8221; column_padding_tablet=&#8221;inherit&#8221; column_padding_phone=&#8221;inherit&#8221; column_padding_position=&#8221;all&#8221; column_element_direction_desktop=&#8221;default&#8221; column_element_spacing=&#8221;default&#8221; desktop_text_alignment=&#8221;default&#8221; tablet_text_alignment=&#8221;default&#8221; phone_text_alignment=&#8221;default&#8221; background_color_opacity=&#8221;1&#8243; background_hover_color_opacity=&#8221;1&#8243; column_backdrop_filter=&#8221;none&#8221; column_shadow=&#8221;none&#8221; column_border_radius=&#8221;none&#8221; column_link_target=&#8221;_self&#8221; overflow=&#8221;visible&#8221; gradient_direction=&#8221;left_to_right&#8221; overlay_strength=&#8221;0.3&#8243; width=&#8221;4\/12&#8243; tablet_width_inherit=&#8221;default&#8221; animation_type=&#8221;default&#8221; bg_image_animation=&#8221;none&#8221; border_type=&#8221;simple&#8221; column_border_width=&#8221;none&#8221; column_border_style=&#8221;solid&#8221;][image_with_animation image_url=&#8221;1456&#8243; image_size=&#8221;full&#8221; animation_type=&#8221;entrance&#8221; animation=&#8221;None&#8221; animation_movement_type=&#8221;transform_y&#8221; hover_animation=&#8221;none&#8221; alignment=&#8221;&#8221; border_radius=&#8221;none&#8221; box_shadow=&#8221;none&#8221; image_loading=&#8221;default&#8221; max_width=&#8221;100%&#8221; max_width_mobile=&#8221;default&#8221;][\/vc_column_inner][\/vc_row_inner][\/vc_column][\/vc_row]\n","protected":false},"excerpt":{"rendered":"<p>[vc_row type=&#8221;in_container&#8221; full_screen_row_position=&#8221;middle&#8221; column_margin=&#8221;default&#8221; column_direction=&#8221;default&#8221; column_direction_tablet=&#8221;default&#8221; column_direction_phone=&#8221;default&#8221; scene_position=&#8221;center&#8221; text_color=&#8221;dark&#8221; text_align=&#8221;left&#8221; row_border_radius=&#8221;none&#8221; row_border_radius_applies=&#8221;bg&#8221; overflow=&#8221;visible&#8221; overlay_strength=&#8221;0.3&#8243; gradient_direction=&#8221;left_to_right&#8221; shape_divider_position=&#8221;bottom&#8221; bg_image_animation=&#8221;none&#8221; gradient_type=&#8221;default&#8221; shape_type=&#8221;&#8221;][vc_column column_padding=&#8221;no-extra-padding&#8221; column_padding_tablet=&#8221;inherit&#8221; column_padding_phone=&#8221;inherit&#8221; column_padding_position=&#8221;all&#8221; column_element_direction_desktop=&#8221;default&#8221; column_element_spacing=&#8221;default&#8221; desktop_text_alignment=&#8221;default&#8221; tablet_text_alignment=&#8221;default&#8221; phone_text_alignment=&#8221;default&#8221; background_color_opacity=&#8221;1&#8243; background_hover_color_opacity=&#8221;1&#8243;&#8230;<\/p>\n","protected":false},"author":1,"featured_media":0,"parent":0,"menu_order":0,"comment_status":"closed","ping_status":"closed","template":"","meta":{"footnotes":""},"class_list":["post-1258","page","type-page","status-publish"],"aioseo_notices":[],"_links":{"self":[{"href":"https:\/\/vladotudja.com\/en\/wp-json\/wp\/v2\/pages\/1258","targetHints":{"allow":["GET"]}}],"collection":[{"href":"https:\/\/vladotudja.com\/en\/wp-json\/wp\/v2\/pages"}],"about":[{"href":"https:\/\/vladotudja.com\/en\/wp-json\/wp\/v2\/types\/page"}],"author":[{"embeddable":true,"href":"https:\/\/vladotudja.com\/en\/wp-json\/wp\/v2\/users\/1"}],"replies":[{"embeddable":true,"href":"https:\/\/vladotudja.com\/en\/wp-json\/wp\/v2\/comments?post=1258"}],"version-history":[{"count":7,"href":"https:\/\/vladotudja.com\/en\/wp-json\/wp\/v2\/pages\/1258\/revisions"}],"predecessor-version":[{"id":1492,"href":"https:\/\/vladotudja.com\/en\/wp-json\/wp\/v2\/pages\/1258\/revisions\/1492"}],"wp:attachment":[{"href":"https:\/\/vladotudja.com\/en\/wp-json\/wp\/v2\/media?parent=1258"}],"curies":[{"name":"wp","href":"https:\/\/api.w.org\/{rel}","templated":true}]}}